{"id":6906,"date":"2018-11-14T13:14:31","date_gmt":"2018-11-14T12:14:31","guid":{"rendered":"https:\/\/www.parkcastellar.com\/pago-correcto\/"},"modified":"2018-12-17T08:46:51","modified_gmt":"2018-12-17T07:46:51","slug":"pagament-correcte","status":"publish","type":"page","link":"https:\/\/www.parkcastellar.com\/ca\/pagament-correcte\/","title":{"rendered":"Pagament rebut correctament"},"content":{"rendered":"<style type=\"text\/css\"><\/style><p style=\"text-align: center;\">Hem rebut un pagament correctament. En breu rebr\u00e0s un rebut de pagament al teu correu electr\u00f2nic.<br \/>\nGr\u00e0cies per confiar en nosaltres.<\/p>\n<p style=\"text-align: center;\">[boton_redsys_ok]<\/p>\n","protected":false},"excerpt":{"rendered":"<p>Hem rebut un pagament correctament. En breu rebr\u00e0s un rebut de pagament al teu correu electr\u00f2nic. Gr\u00e0cies per confiar en nosaltres. [boton_redsys_ok]<\/p>\n","protected":false},"author":3,"featured_media":0,"parent":0,"menu_order":0,"comment_status":"closed","ping_status":"closed","template":"","meta":{"footnotes":""},"class_list":["post-6906","page","type-page","status-publish","hentry"],"yoast_head":"<!-- This site is optimized with the Yoast SEO plugin v26.0 - https:\/\/yoast.com\/wordpress\/plugins\/seo\/ -->\n<title>Pagament rebut correctament - Cl\u00ednica dental Park Castellar<\/title>\n<meta name=\"robots\" content=\"index, follow, max-snippet:-1, max-image-preview:large, max-video-preview:-1\" \/>\n<link rel=\"canonical\" href=\"https:\/\/www.parkcastellar.com\/ca\/pagament-correcte\/\" \/>\n<meta property=\"og:locale\" content=\"ca_ES\" \/>\n<meta property=\"og:type\" content=\"article\" \/>\n<meta property=\"og:title\" content=\"Pagament rebut correctament - Cl\u00ednica dental Park Castellar\" \/>\n<meta property=\"og:description\" content=\"Hem rebut un pagament correctament. En breu rebr\u00e0s un rebut de pagament al teu correu electr\u00f2nic. Gr\u00e0cies per confiar en nosaltres. [boton_redsys_ok]\" \/>\n<meta property=\"og:url\" content=\"https:\/\/www.parkcastellar.com\/ca\/pagament-correcte\/\" \/>\n<meta property=\"og:site_name\" content=\"Cl\u00ednica dental Park Castellar\" \/>\n<meta property=\"article:modified_time\" content=\"2018-12-17T07:46:51+00:00\" \/>\n<meta name=\"twitter:card\" content=\"summary_large_image\" \/>\n<script type=\"application\/ld+json\" class=\"yoast-schema-graph\">{\"@context\":\"https:\/\/schema.org\",\"@graph\":[{\"@type\":\"WebPage\",\"@id\":\"https:\/\/www.parkcastellar.com\/ca\/pagament-correcte\/\",\"url\":\"https:\/\/www.parkcastellar.com\/ca\/pagament-correcte\/\",\"name\":\"Pagament rebut correctament - Cl\u00ednica dental Park Castellar\",\"isPartOf\":{\"@id\":\"https:\/\/www.parkcastellar.com\/#website\"},\"datePublished\":\"2018-11-14T12:14:31+00:00\",\"dateModified\":\"2018-12-17T07:46:51+00:00\",\"breadcrumb\":{\"@id\":\"https:\/\/www.parkcastellar.com\/ca\/pagament-correcte\/#breadcrumb\"},\"inLanguage\":\"ca\",\"potentialAction\":[{\"@type\":\"ReadAction\",\"target\":[\"https:\/\/www.parkcastellar.com\/ca\/pagament-correcte\/\"]}]},{\"@type\":\"BreadcrumbList\",\"@id\":\"https:\/\/www.parkcastellar.com\/ca\/pagament-correcte\/#breadcrumb\",\"itemListElement\":[{\"@type\":\"ListItem\",\"position\":1,\"name\":\"Portada\",\"item\":\"https:\/\/www.parkcastellar.com\/ca\/\"},{\"@type\":\"ListItem\",\"position\":2,\"name\":\"Pagament rebut correctament\"}]},{\"@type\":\"WebSite\",\"@id\":\"https:\/\/www.parkcastellar.com\/#website\",\"url\":\"https:\/\/www.parkcastellar.com\/\",\"name\":\"Cl\u00ednica dental Park Castellar\",\"description\":\"Dentista Castellar del Vall\u00e8s\",\"potentialAction\":[{\"@type\":\"SearchAction\",\"target\":{\"@type\":\"EntryPoint\",\"urlTemplate\":\"https:\/\/www.parkcastellar.com\/?s={search_term_string}\"},\"query-input\":{\"@type\":\"PropertyValueSpecification\",\"valueRequired\":true,\"valueName\":\"search_term_string\"}}],\"inLanguage\":\"ca\"}]}<\/script>\n<!-- \/ Yoast SEO plugin. -->","yoast_head_json":{"title":"Pagament rebut correctament - Cl\u00ednica dental Park Castellar","robots":{"index":"index","follow":"follow","max-snippet":"max-snippet:-1","max-image-preview":"max-image-preview:large","max-video-preview":"max-video-preview:-1"},"canonical":"https:\/\/www.parkcastellar.com\/ca\/pagament-correcte\/","og_locale":"ca_ES","og_type":"article","og_title":"Pagament rebut correctament - Cl\u00ednica dental Park Castellar","og_description":"Hem rebut un pagament correctament. En breu rebr\u00e0s un rebut de pagament al teu correu electr\u00f2nic. Gr\u00e0cies per confiar en nosaltres. [boton_redsys_ok]","og_url":"https:\/\/www.parkcastellar.com\/ca\/pagament-correcte\/","og_site_name":"Cl\u00ednica dental Park Castellar","article_modified_time":"2018-12-17T07:46:51+00:00","twitter_card":"summary_large_image","schema":{"@context":"https:\/\/schema.org","@graph":[{"@type":"WebPage","@id":"https:\/\/www.parkcastellar.com\/ca\/pagament-correcte\/","url":"https:\/\/www.parkcastellar.com\/ca\/pagament-correcte\/","name":"Pagament rebut correctament - Cl\u00ednica dental Park Castellar","isPartOf":{"@id":"https:\/\/www.parkcastellar.com\/#website"},"datePublished":"2018-11-14T12:14:31+00:00","dateModified":"2018-12-17T07:46:51+00:00","breadcrumb":{"@id":"https:\/\/www.parkcastellar.com\/ca\/pagament-correcte\/#breadcrumb"},"inLanguage":"ca","potentialAction":[{"@type":"ReadAction","target":["https:\/\/www.parkcastellar.com\/ca\/pagament-correcte\/"]}]},{"@type":"BreadcrumbList","@id":"https:\/\/www.parkcastellar.com\/ca\/pagament-correcte\/#breadcrumb","itemListElement":[{"@type":"ListItem","position":1,"name":"Portada","item":"https:\/\/www.parkcastellar.com\/ca\/"},{"@type":"ListItem","position":2,"name":"Pagament rebut correctament"}]},{"@type":"WebSite","@id":"https:\/\/www.parkcastellar.com\/#website","url":"https:\/\/www.parkcastellar.com\/","name":"Cl\u00ednica dental Park Castellar","description":"Dentista Castellar del Vall\u00e8s","potentialAction":[{"@type":"SearchAction","target":{"@type":"EntryPoint","urlTemplate":"https:\/\/www.parkcastellar.com\/?s={search_term_string}"},"query-input":{"@type":"PropertyValueSpecification","valueRequired":true,"valueName":"search_term_string"}}],"inLanguage":"ca"}]}},"_links":{"self":[{"href":"https:\/\/www.parkcastellar.com\/ca\/wp-json\/wp\/v2\/pages\/6906","targetHints":{"allow":["GET"]}}],"collection":[{"href":"https:\/\/www.parkcastellar.com\/ca\/wp-json\/wp\/v2\/pages"}],"about":[{"href":"https:\/\/www.parkcastellar.com\/ca\/wp-json\/wp\/v2\/types\/page"}],"author":[{"embeddable":true,"href":"https:\/\/www.parkcastellar.com\/ca\/wp-json\/wp\/v2\/users\/3"}],"replies":[{"embeddable":true,"href":"https:\/\/www.parkcastellar.com\/ca\/wp-json\/wp\/v2\/comments?post=6906"}],"version-history":[{"count":3,"href":"https:\/\/www.parkcastellar.com\/ca\/wp-json\/wp\/v2\/pages\/6906\/revisions"}],"predecessor-version":[{"id":6931,"href":"https:\/\/www.parkcastellar.com\/ca\/wp-json\/wp\/v2\/pages\/6906\/revisions\/6931"}],"wp:attachment":[{"href":"https:\/\/www.parkcastellar.com\/ca\/wp-json\/wp\/v2\/media?parent=6906"}],"curies":[{"name":"wp","href":"https:\/\/api.w.org\/{rel}","templated":true}]}}