{"id":6514,"date":"2016-03-14T08:58:39","date_gmt":"2016-03-14T07:58:39","guid":{"rendered":"https:\/\/www.parkcastellar.com\/condiciones-uso-politica-privacidad\/"},"modified":"2018-12-09T20:09:16","modified_gmt":"2018-12-09T19:09:16","slug":"condicions-us-politica-privacitat","status":"publish","type":"page","link":"https:\/\/www.parkcastellar.com\/ca\/condicions-us-politica-privacitat\/","title":{"rendered":"Condicions d&#8217;\u00fas i pol\u00edtica de privacitat"},"content":{"rendered":"<style type=\"text\/css\"><\/style><p><strong>Cl\u00ednica Park Castellar SLP<\/strong><\/p>\n<p>C\/ Portugal 1, Local 1-2<br \/>\nCastellar del Vall\u00e9s 08211<\/p>\n<p><strong>Propietat Intelectual<\/strong><\/p>\n<p><span id=\"result_box\" class=\"\" lang=\"ca\" tabindex=\"-1\">Tota la informaci\u00f3 i el contingut gr\u00e0fic de les p\u00e0gines www.parkcastellar.com s\u00f3n propietat de Cl\u00ednica Dental Park Castellar SLP, domicili en C \/ Portugal 1, Local 1-2 Castellar del Vall\u00e8s 08211, NIF B64864960, la qual es reserva tots els drets <span class=\"\">d&#8217;explotaci\u00f3.<\/span><\/span><\/p>\n<p>Queda <span class=\"\">prohibida<\/span> la reproducci\u00f3, retransmissi\u00f3, c\u00f2pia, cessi\u00f3 total o parcial de la informaci\u00f3 <span class=\"\">continguda en<\/span> qualsevol que sigui la seva finalitat, sense expressa autoritzaci\u00f3 <span class=\"\">de Cl\u00ednica<\/span> Park Castellar.<\/p>\n<p><strong>Pol\u00edtica de privacitat<\/strong><\/p>\n<p><span id=\"result_box\" class=\"\" lang=\"ca\" tabindex=\"-1\"><span title=\"Cl\u00ednica Park Castellar informa a los usuarios que respeta la legislaci\u00f3n vigente en materia de protecci\u00f3n de datos personales, la privacidad de los usuarios y el secreto y seguridad de los datos personales, adoptando para ello las medidas t\u00e9cnicas y organizativas necesarias para evitar la p\u00e9rdida, mal\">Cl\u00ednica Park Castellar informa els usuaris que respecta la legislaci\u00f3 vigent en mat\u00e8ria de protecci\u00f3 de dades personals, la privacitat dels usuaris i el secret i seguretat de les dades personals, adoptant per a aix\u00f2 les mesures t\u00e8cniques i organitzatives necess\u00e0ries per evitar la p\u00e8rdua, mal <\/span><span title=\"uso, alteraci\u00f3n, acceso no autorizado y robo de los datos personales facilitados, habida cuenta del estado de la tecnolog\u00eda, la naturaleza de los datos y los riesgos a los que est\u00e1n expuestos. \">\u00fas, alteraci\u00f3, acc\u00e9s no autoritzat i robatori de les dades personals facilitades, tenint en compte l&#8217;estat de la tecnologia, la naturalesa de les dades i els riscos als quals estan exposats.<br \/>\n<\/span><span title=\"Los servicios, acceso a los contenidos y oferta de productos de esta web est\u00e1 exclusivamente dirigida a mayores de 18 a\u00f1os, por lo que cualquier persona que entregue sus datos personales, manifiesta tener dicha edad, quedando prohibido el uso de www.parkcastellar.com y\">Els serveis, acc\u00e9s als continguts i oferta de productes d&#8217;aquest web est\u00e0 exclusivament dirigida a majors de 18 anys, de manera que qualsevol persona que lliuri les seves dades personals, manifesta tenir aquesta edat, i queda prohibit l&#8217;\u00fas de www.parkcastellar.com i <\/span><span title=\"la entrega de datos personales a personas menores de edad. \">el lliurament de dades personals a persones menors d&#8217;edat.<br \/>\n<\/span><span title=\"Cl\u00ednica Park Castellar tratar\u00e1 los datos de conformidad con los principios de calidad exigidos por la Ley Org\u00e1nica 15\/1999, de 13 de diciembre de Protecci\u00f3n de Datos (LOPD), de forma confidencial y con las medidas de seguridad exigidas por el Real Decreto 1720\/\">Cl\u00ednica Park Castellar tractar\u00e0 les dades de conformitat amb els principis de qualitat exigits per la Llei Org\u00e0nica 15\/1999, de 13 de desembre de Protecci\u00f3 de Dades (LOPD), de forma confidencial i amb les mesures de seguretat exigides pel Reial Decret 1720 \/ <\/span><span title=\"2007, de 21 de diciembre, por el que se aprueba el Reglamento de desarrollo de la Ley Org\u00e1nica 15\/1999, de 13 de diciembre, de protecci\u00f3n de datos de car\u00e1cter personal. \">2007, de 21 de desembre, pel qual s&#8217;aprova el Reglament de desenvolupament de la Llei Org\u00e0nica 15\/1999, de 13 de desembre, de protecci\u00f3 de dades de car\u00e0cter personal.<\/span><\/span><\/p>\n<p><span title=\"Los datos de car\u00e1cter personal que se faciliten en la Web, quedar\u00e1n registrados en un fichero de Cl\u00ednica Park Castellar, con la finalidad de llevar a cabo la prestaci\u00f3n de los servicios ofrecidos, as\u00ed como para enviar por cualquier medio, incluido el correo electr\u00f3nico, ofertas\">Les dades de car\u00e0cter personal que es facilitin a la web, quedaran registrades en un fitxer de Cl\u00ednica Park Castellar, amb la finalitat de dur a terme la prestaci\u00f3 dels serveis oferts, aix\u00ed com per enviar per qualsevol mitj\u00e0, incl\u00f2s el correu electr\u00f2nic, ofertes <\/span><span title=\"de productos y servicios personalizados, mejorar la relaci\u00f3n comercial y gestionar las peticiones realizadas por nuestros Clientes. \">de productes i serveis personalitzats, millorar la relaci\u00f3 comercial i gestionar les peticions realitzades pels nostres clients.<\/span><\/p>\n<p><span title=\"El simple hecho de enviar un usuario sus datos de car\u00e1cter personal a Cl\u00ednica Park Castellar supondr\u00e1 el consentimiento para su incorporaci\u00f3n al fichero y su tratamiento. \">El simple fet d&#8217;enviar un usuari les seves dades de car\u00e0cter personal a Cl\u00ednica Park Castellar suposar\u00e0 el consentiment per a la seva incorporaci\u00f3 al fitxer i el seu tractament.<\/span><\/p>\n<p><span title=\"El usuario podr\u00e1 revocar el consentimiento prestado, sin que tenga efectos retroactivos, y ejercer los derechos de acceso, rectificaci\u00f3n, cancelaci\u00f3n y oposici\u00f3n dirigi\u00e9ndose mediante carta adjuntando su DNI u otro documento identificativo a Cl\u00ednica Park Castellar, C\/ Portugal 1, Local 1-2\">L&#8217;usuari podr\u00e0 revocar el consentiment prestat, sense que tingui efectes retroactius, i exercir els drets d&#8217;acc\u00e9s, rectificaci\u00f3, cancel\u00b7laci\u00f3 i oposici\u00f3 dirigint-se mitjan\u00e7ant carta adjuntant el seu DNI o un altre document identificatiu a Cl\u00ednica Park Castellar, C \/ Portugal 1, Local 1-2 <\/span><span title=\"Castellar del Vall\u00e9s 08211 \">Castellar del Vall\u00e8s 08211<\/span><\/p>\n<p><span title=\"El usuario garantiza que los datos personales facilitados a Cl\u00ednica Park Castellar son veraces y se hace responsable de comunicar cualquier modificaci\u00f3n de los mismos para que, en todo momento respondan a su situaci\u00f3n actual.\">L&#8217;usuari garanteix que les dades personals facilitades a Cl\u00ednica Park Castellar s\u00f3n veraces i es fa responsable de comunicar qualsevol modificaci\u00f3 de les mateixes perqu\u00e8, en tot moment responguin a la seva situaci\u00f3 actual. <\/span><span title=\"Si tiene cualquier duda o comentario sobre la forma en que Cl\u00ednica Park Castellar utiliza los datos de sus usuarios, escr\u00edbanos a (clinicadental @ parkcastellar.com).\">Si t\u00e9 qualsevol dubte o comentari sobre la forma en qu\u00e8 Cl\u00ednica Park Castellar utilitza les dades dels seus usuaris, escriviu-nos a (clinicadental @ parkcastellar.com).<\/span><\/p>\n<p><strong>Pol\u00edtiques de compra<\/strong><\/p>\n<p>DEVOLUCIONS<\/p>\n<p>Tots els pagaments realitzats a trav\u00e9s de la plataforma en l\u00ednia corresponen a tractaments pr\u00e8viament contractats al nostre centre.<br \/>\nS&#8217;acceptaran devolucions en cas que els imports ingressats no concordin amb els imports deguts per tractaments pr\u00e8viament contractats a Park Castellar.<\/p>\n<div class=\"guiaFamilia\">\n<div class=\"guiaText\">\n<p>DADES PERSONALS<\/p>\n<p>No \u00e9s obligatori crear un compte d&#8217;usuari per a comprar a la nostra botiga online.<br \/>\nEt demanarem de forma obligat\u00f2ria les dades estrictament necess\u00e0ries per tramitar la comanda i altres dades opcionals per millorar l&#8217;experi\u00e8ncia d&#8217;usabilitat en futures compres.<\/p>\n<\/div>\n<\/div>\n","protected":false},"excerpt":{"rendered":"<p>Cl\u00ednica Park Castellar SLP C\/ Portugal 1, Local 1-2 Castellar del Vall\u00e9s 08211 Propietat Intelectual Tota la informaci\u00f3 i el contingut gr\u00e0fic de les p\u00e0gines www.parkcastellar.com s\u00f3n propietat de Cl\u00ednica Dental Park Castellar SLP, domicili en C \/ Portugal 1, Local 1-2 Castellar del Vall\u00e8s 08211, NIF B64864960, la qual es reserva tots els drets&#8230;<\/p>\n","protected":false},"author":3,"featured_media":0,"parent":0,"menu_order":0,"comment_status":"closed","ping_status":"closed","template":"","meta":{"footnotes":""},"class_list":["post-6514","page","type-page","status-publish","hentry"],"yoast_head":"<!-- This site is optimized with the Yoast SEO plugin v26.0 - https:\/\/yoast.com\/wordpress\/plugins\/seo\/ -->\n<title>Condicions d&#039;\u00fas i pol\u00edtica de privacitat - Cl\u00ednica dental Park Castellar<\/title>\n<meta name=\"robots\" content=\"noindex, follow\" \/>\n<meta property=\"og:locale\" content=\"ca_ES\" \/>\n<meta property=\"og:type\" content=\"article\" \/>\n<meta property=\"og:title\" content=\"Condicions d&#039;\u00fas i pol\u00edtica de privacitat - Cl\u00ednica dental Park Castellar\" \/>\n<meta property=\"og:description\" content=\"Cl\u00ednica Park Castellar SLP C\/ Portugal 1, Local 1-2 Castellar del Vall\u00e9s 08211 Propietat Intelectual Tota la informaci\u00f3 i el contingut gr\u00e0fic de les p\u00e0gines www.parkcastellar.com s\u00f3n propietat de Cl\u00ednica Dental Park Castellar SLP, domicili en C \/ Portugal 1, Local 1-2 Castellar del Vall\u00e8s 08211, NIF B64864960, la qual es reserva tots els drets...\" \/>\n<meta property=\"og:url\" content=\"https:\/\/www.parkcastellar.com\/ca\/condicions-us-politica-privacitat\/\" \/>\n<meta property=\"og:site_name\" content=\"Cl\u00ednica dental Park Castellar\" \/>\n<meta property=\"article:modified_time\" content=\"2018-12-09T19:09:16+00:00\" \/>\n<meta name=\"twitter:card\" content=\"summary_large_image\" \/>\n<meta name=\"twitter:label1\" content=\"Temps estimat de lectura\" \/>\n\t<meta name=\"twitter:data1\" content=\"3 minuts\" \/>\n<script type=\"application\/ld+json\" class=\"yoast-schema-graph\">{\"@context\":\"https:\/\/schema.org\",\"@graph\":[{\"@type\":\"WebPage\",\"@id\":\"https:\/\/www.parkcastellar.com\/ca\/condicions-us-politica-privacitat\/\",\"url\":\"https:\/\/www.parkcastellar.com\/ca\/condicions-us-politica-privacitat\/\",\"name\":\"Condicions d'\u00fas i pol\u00edtica de privacitat - Cl\u00ednica dental Park Castellar\",\"isPartOf\":{\"@id\":\"https:\/\/www.parkcastellar.com\/#website\"},\"datePublished\":\"2016-03-14T07:58:39+00:00\",\"dateModified\":\"2018-12-09T19:09:16+00:00\",\"breadcrumb\":{\"@id\":\"https:\/\/www.parkcastellar.com\/ca\/condicions-us-politica-privacitat\/#breadcrumb\"},\"inLanguage\":\"ca\",\"potentialAction\":[{\"@type\":\"ReadAction\",\"target\":[\"https:\/\/www.parkcastellar.com\/ca\/condicions-us-politica-privacitat\/\"]}]},{\"@type\":\"BreadcrumbList\",\"@id\":\"https:\/\/www.parkcastellar.com\/ca\/condicions-us-politica-privacitat\/#breadcrumb\",\"itemListElement\":[{\"@type\":\"ListItem\",\"position\":1,\"name\":\"Portada\",\"item\":\"https:\/\/www.parkcastellar.com\/ca\/\"},{\"@type\":\"ListItem\",\"position\":2,\"name\":\"Condicions d&#8217;\u00fas i pol\u00edtica de privacitat\"}]},{\"@type\":\"WebSite\",\"@id\":\"https:\/\/www.parkcastellar.com\/#website\",\"url\":\"https:\/\/www.parkcastellar.com\/\",\"name\":\"Cl\u00ednica dental Park Castellar\",\"description\":\"Dentista Castellar del Vall\u00e8s\",\"potentialAction\":[{\"@type\":\"SearchAction\",\"target\":{\"@type\":\"EntryPoint\",\"urlTemplate\":\"https:\/\/www.parkcastellar.com\/?s={search_term_string}\"},\"query-input\":{\"@type\":\"PropertyValueSpecification\",\"valueRequired\":true,\"valueName\":\"search_term_string\"}}],\"inLanguage\":\"ca\"}]}<\/script>\n<!-- \/ Yoast SEO plugin. -->","yoast_head_json":{"title":"Condicions d'\u00fas i pol\u00edtica de privacitat - Cl\u00ednica dental Park Castellar","robots":{"index":"noindex","follow":"follow"},"og_locale":"ca_ES","og_type":"article","og_title":"Condicions d'\u00fas i pol\u00edtica de privacitat - Cl\u00ednica dental Park Castellar","og_description":"Cl\u00ednica Park Castellar SLP C\/ Portugal 1, Local 1-2 Castellar del Vall\u00e9s 08211 Propietat Intelectual Tota la informaci\u00f3 i el contingut gr\u00e0fic de les p\u00e0gines www.parkcastellar.com s\u00f3n propietat de Cl\u00ednica Dental Park Castellar SLP, domicili en C \/ Portugal 1, Local 1-2 Castellar del Vall\u00e8s 08211, NIF B64864960, la qual es reserva tots els drets...","og_url":"https:\/\/www.parkcastellar.com\/ca\/condicions-us-politica-privacitat\/","og_site_name":"Cl\u00ednica dental Park Castellar","article_modified_time":"2018-12-09T19:09:16+00:00","twitter_card":"summary_large_image","twitter_misc":{"Temps estimat de lectura":"3 minuts"},"schema":{"@context":"https:\/\/schema.org","@graph":[{"@type":"WebPage","@id":"https:\/\/www.parkcastellar.com\/ca\/condicions-us-politica-privacitat\/","url":"https:\/\/www.parkcastellar.com\/ca\/condicions-us-politica-privacitat\/","name":"Condicions d'\u00fas i pol\u00edtica de privacitat - Cl\u00ednica dental Park Castellar","isPartOf":{"@id":"https:\/\/www.parkcastellar.com\/#website"},"datePublished":"2016-03-14T07:58:39+00:00","dateModified":"2018-12-09T19:09:16+00:00","breadcrumb":{"@id":"https:\/\/www.parkcastellar.com\/ca\/condicions-us-politica-privacitat\/#breadcrumb"},"inLanguage":"ca","potentialAction":[{"@type":"ReadAction","target":["https:\/\/www.parkcastellar.com\/ca\/condicions-us-politica-privacitat\/"]}]},{"@type":"BreadcrumbList","@id":"https:\/\/www.parkcastellar.com\/ca\/condicions-us-politica-privacitat\/#breadcrumb","itemListElement":[{"@type":"ListItem","position":1,"name":"Portada","item":"https:\/\/www.parkcastellar.com\/ca\/"},{"@type":"ListItem","position":2,"name":"Condicions d&#8217;\u00fas i pol\u00edtica de privacitat"}]},{"@type":"WebSite","@id":"https:\/\/www.parkcastellar.com\/#website","url":"https:\/\/www.parkcastellar.com\/","name":"Cl\u00ednica dental Park Castellar","description":"Dentista Castellar del Vall\u00e8s","potentialAction":[{"@type":"SearchAction","target":{"@type":"EntryPoint","urlTemplate":"https:\/\/www.parkcastellar.com\/?s={search_term_string}"},"query-input":{"@type":"PropertyValueSpecification","valueRequired":true,"valueName":"search_term_string"}}],"inLanguage":"ca"}]}},"_links":{"self":[{"href":"https:\/\/www.parkcastellar.com\/ca\/wp-json\/wp\/v2\/pages\/6514","targetHints":{"allow":["GET"]}}],"collection":[{"href":"https:\/\/www.parkcastellar.com\/ca\/wp-json\/wp\/v2\/pages"}],"about":[{"href":"https:\/\/www.parkcastellar.com\/ca\/wp-json\/wp\/v2\/types\/page"}],"author":[{"embeddable":true,"href":"https:\/\/www.parkcastellar.com\/ca\/wp-json\/wp\/v2\/users\/3"}],"replies":[{"embeddable":true,"href":"https:\/\/www.parkcastellar.com\/ca\/wp-json\/wp\/v2\/comments?post=6514"}],"version-history":[{"count":3,"href":"https:\/\/www.parkcastellar.com\/ca\/wp-json\/wp\/v2\/pages\/6514\/revisions"}],"predecessor-version":[{"id":6915,"href":"https:\/\/www.parkcastellar.com\/ca\/wp-json\/wp\/v2\/pages\/6514\/revisions\/6915"}],"wp:attachment":[{"href":"https:\/\/www.parkcastellar.com\/ca\/wp-json\/wp\/v2\/media?parent=6514"}],"curies":[{"name":"wp","href":"https:\/\/api.w.org\/{rel}","templated":true}]}}