{"id":6511,"date":"2017-05-04T07:51:37","date_gmt":"2017-05-04T05:51:37","guid":{"rendered":"https:\/\/www.parkcastellar.com\/trabaja-con-nosotros\/"},"modified":"2018-04-26T08:51:17","modified_gmt":"2018-04-26T06:51:17","slug":"treballa-amb-nosaltres","status":"publish","type":"page","link":"https:\/\/www.parkcastellar.com\/ca\/treballa-amb-nosaltres\/","title":{"rendered":"Treballa amb nosaltres"},"content":{"rendered":"<style type=\"text\/css\"> \n#cmsms_row_6a05ab08b420e .cmsms_row_outer_parent { \n\tpadding-top: 0px; \n} \n\n#cmsms_row_6a05ab08b420e .cmsms_row_outer_parent { \n\tpadding-bottom: 50px; \n} \n\n \n#cmsms_divider_6a05ab08b4291 { \n\tborder-bottom-width:0px; \n\tborder-bottom-style:solid; \n\tpadding-top:50px; \n\tmargin-bottom:0px; \n} \n \n#cmsms_row_6a05ab08b434c .cmsms_row_outer_parent { \n\tpadding-top: 0px; \n} \n\n#cmsms_row_6a05ab08b434c .cmsms_row_outer_parent { \n\tpadding-bottom: 50px; \n} \n\n \n#cmsms_divider_6a05ab08b43d8 { \n\tborder-bottom-width:0px; \n\tborder-bottom-style:solid; \n\tpadding-top:50px; \n\tmargin-bottom:0px; \n} \n \n#cmsms_heading_6a05ab08b43ed { \n\ttext-align:left; \n\tmargin-top:0px; \n\tmargin-bottom:30px; \n} \n\n#cmsms_heading_6a05ab08b43ed .cmsms_heading { \n\ttext-align:left; \n} \n\n#cmsms_heading_6a05ab08b43ed .cmsms_heading, #cmsms_heading_6a05ab08b43ed .cmsms_heading a { \n\tfont-weight:normal; \n\tfont-style:normal; \n} \n\n#cmsms_heading_6a05ab08b43ed .cmsms_heading_divider { \n} \n\n \n#cmsms_divider_6a05ab08b43fd { \n\tborder-bottom-width:0px; \n\tborder-bottom-style:solid; \n\tpadding-top:50px; \n\tmargin-bottom:0px; \n} \n \n#cmsms_divider_6a05ab08b442d { \n\tborder-bottom-width:0px; \n\tborder-bottom-style:solid; \n\tpadding-top:50px; \n\tmargin-bottom:50px; \n} \n \n#cmsms_divider_6a05ab08b471f { \n\tborder-bottom-width:0px; \n\tborder-bottom-style:solid; \n\tpadding-top:50px; \n\tmargin-bottom:0px; \n} \n<\/style><div id=\"cmsms_row_6a05ab08b420e\" class=\"cmsms_row cmsms_color_scheme_default\">\n<div class=\"cmsms_row_outer_parent\">\n<div class=\"cmsms_row_outer\">\n<div class=\"cmsms_row_inner\">\n<div class=\"cmsms_row_margin\">\n<div class=\"cmsms_column one_first\">\n\n<div id=\"cmsms_divider_6a05ab08b4291\" class=\"cl\"><\/div>\n<\/div>\n<\/div>\n<\/div>\n<\/div>\n<\/div>\n<\/div>\n<div id=\"cmsms_row_6a05ab08b434c\" class=\"cmsms_row cmsms_color_scheme_default\">\n<div class=\"cmsms_row_outer_parent\">\n<div class=\"cmsms_row_outer\">\n<div class=\"cmsms_row_inner\">\n<div class=\"cmsms_row_margin\">\n<div class=\"cmsms_column one_third\">\n\n<div id=\"cmsms_divider_6a05ab08b43d8\" class=\"cl\"><\/div>\n\n<div id=\"cmsms_heading_6a05ab08b43ed\" class=\"cmsms_heading_wrap cmsms_heading_align_left\">\n\t<h1 class=\"cmsms_heading\">Vine a treballar a la Cl\u00ednica Dental Park Castellar<\/h1>\n<\/div>\n\n<div id=\"cmsms_divider_6a05ab08b43fd\" class=\"cl\"><\/div>\n<div class=\"cmsms_text\">\n<p><span id=\"result_box\" class=\"\" lang=\"ca\" tabindex=\"-1\">A Cl\u00ednica Dental Park Castellar seguim treballant amb tota la nostra energia pels somriures dels nostres pacients i per aix\u00f2 busquem els millors professionals.<\/span><\/p>\n<p>Envia&#8217;ns les teves dades i el teu curr\u00edculum i entra a formar part del nostre equip!<\/p>\n<\/div>\n\n\n<div id=\"cmsms_divider_6a05ab08b442d\" class=\"cl\"><\/div>\n<div class=\"aligncenter\">\n<div class=\"cmsms_img  cmsms_image_c\">\n<img decoding=\"async\" src=\"https:\/\/www.parkcastellar.com\/wp-content\/uploads\/DR.Alfredo-copia11-1.png\" alt=\"\" \/>\n<\/div>\n<\/div>\n<\/div>\n<div class=\"cmsms_column two_third\">\n\n<div id=\"cmsms_divider_6a05ab08b471f\" class=\"cl\"><\/div>\n<div class=\"cmsms_contact_form\"><p class=\"wpcf7-contact-form-not-found\"><strong>Error:<\/strong> No s&#039;ha trobat el formulari de contacte.<\/p><\/div>\n<\/div>\n<\/div>\n<\/div>\n<\/div>\n<\/div>\n<\/div>\n\n","protected":false},"excerpt":{"rendered":"","protected":false},"author":3,"featured_media":0,"parent":0,"menu_order":0,"comment_status":"closed","ping_status":"closed","template":"","meta":{"footnotes":""},"class_list":["post-6511","page","type-page","status-publish","hentry"],"yoast_head":"<!-- This site is optimized with the Yoast SEO plugin v26.0 - https:\/\/yoast.com\/wordpress\/plugins\/seo\/ -->\n<title>Treballa amb nosaltres - Cl\u00ednica dental Park Castellar<\/title>\n<meta name=\"description\" content=\"El equipo, la filosof\u00eda y las instalaciones de la Cl\u00ednica Dental Park Castellar. Con\u00f3cenos un poco m\u00e1s y conoce tus derechos como paciente de nuestro centro\" \/>\n<meta name=\"robots\" content=\"index, follow, max-snippet:-1, max-image-preview:large, max-video-preview:-1\" \/>\n<link rel=\"canonical\" href=\"https:\/\/www.parkcastellar.com\/ca\/treballa-amb-nosaltres\/\" \/>\n<meta property=\"og:locale\" content=\"ca_ES\" \/>\n<meta property=\"og:type\" content=\"article\" \/>\n<meta property=\"og:title\" content=\"Treballa amb nosaltres - Cl\u00ednica dental Park Castellar\" \/>\n<meta property=\"og:description\" content=\"El equipo, la filosof\u00eda y las instalaciones de la Cl\u00ednica Dental Park Castellar. Con\u00f3cenos un poco m\u00e1s y conoce tus derechos como paciente de nuestro centro\" \/>\n<meta property=\"og:url\" content=\"https:\/\/www.parkcastellar.com\/ca\/treballa-amb-nosaltres\/\" \/>\n<meta property=\"og:site_name\" content=\"Cl\u00ednica dental Park Castellar\" \/>\n<meta property=\"article:modified_time\" content=\"2018-04-26T06:51:17+00:00\" \/>\n<meta name=\"twitter:card\" content=\"summary_large_image\" \/>\n<meta name=\"twitter:label1\" content=\"Temps estimat de lectura\" \/>\n\t<meta name=\"twitter:data1\" content=\"1 minut\" \/>\n<script type=\"application\/ld+json\" class=\"yoast-schema-graph\">{\"@context\":\"https:\/\/schema.org\",\"@graph\":[{\"@type\":\"WebPage\",\"@id\":\"https:\/\/www.parkcastellar.com\/ca\/treballa-amb-nosaltres\/\",\"url\":\"https:\/\/www.parkcastellar.com\/ca\/treballa-amb-nosaltres\/\",\"name\":\"Treballa amb nosaltres - Cl\u00ednica dental Park Castellar\",\"isPartOf\":{\"@id\":\"https:\/\/www.parkcastellar.com\/#website\"},\"datePublished\":\"2017-05-04T05:51:37+00:00\",\"dateModified\":\"2018-04-26T06:51:17+00:00\",\"description\":\"El equipo, la filosof\u00eda y las instalaciones de la Cl\u00ednica Dental Park Castellar. Con\u00f3cenos un poco m\u00e1s y conoce tus derechos como paciente de nuestro centro\",\"breadcrumb\":{\"@id\":\"https:\/\/www.parkcastellar.com\/ca\/treballa-amb-nosaltres\/#breadcrumb\"},\"inLanguage\":\"ca\",\"potentialAction\":[{\"@type\":\"ReadAction\",\"target\":[\"https:\/\/www.parkcastellar.com\/ca\/treballa-amb-nosaltres\/\"]}]},{\"@type\":\"BreadcrumbList\",\"@id\":\"https:\/\/www.parkcastellar.com\/ca\/treballa-amb-nosaltres\/#breadcrumb\",\"itemListElement\":[{\"@type\":\"ListItem\",\"position\":1,\"name\":\"Portada\",\"item\":\"https:\/\/www.parkcastellar.com\/ca\/\"},{\"@type\":\"ListItem\",\"position\":2,\"name\":\"Treballa amb nosaltres\"}]},{\"@type\":\"WebSite\",\"@id\":\"https:\/\/www.parkcastellar.com\/#website\",\"url\":\"https:\/\/www.parkcastellar.com\/\",\"name\":\"Cl\u00ednica dental Park Castellar\",\"description\":\"Dentista Castellar del Vall\u00e8s\",\"potentialAction\":[{\"@type\":\"SearchAction\",\"target\":{\"@type\":\"EntryPoint\",\"urlTemplate\":\"https:\/\/www.parkcastellar.com\/?s={search_term_string}\"},\"query-input\":{\"@type\":\"PropertyValueSpecification\",\"valueRequired\":true,\"valueName\":\"search_term_string\"}}],\"inLanguage\":\"ca\"}]}<\/script>\n<!-- \/ Yoast SEO plugin. -->","yoast_head_json":{"title":"Treballa amb nosaltres - Cl\u00ednica dental Park Castellar","description":"El equipo, la filosof\u00eda y las instalaciones de la Cl\u00ednica Dental Park Castellar. Con\u00f3cenos un poco m\u00e1s y conoce tus derechos como paciente de nuestro centro","robots":{"index":"index","follow":"follow","max-snippet":"max-snippet:-1","max-image-preview":"max-image-preview:large","max-video-preview":"max-video-preview:-1"},"canonical":"https:\/\/www.parkcastellar.com\/ca\/treballa-amb-nosaltres\/","og_locale":"ca_ES","og_type":"article","og_title":"Treballa amb nosaltres - Cl\u00ednica dental Park Castellar","og_description":"El equipo, la filosof\u00eda y las instalaciones de la Cl\u00ednica Dental Park Castellar. Con\u00f3cenos un poco m\u00e1s y conoce tus derechos como paciente de nuestro centro","og_url":"https:\/\/www.parkcastellar.com\/ca\/treballa-amb-nosaltres\/","og_site_name":"Cl\u00ednica dental Park Castellar","article_modified_time":"2018-04-26T06:51:17+00:00","twitter_card":"summary_large_image","twitter_misc":{"Temps estimat de lectura":"1 minut"},"schema":{"@context":"https:\/\/schema.org","@graph":[{"@type":"WebPage","@id":"https:\/\/www.parkcastellar.com\/ca\/treballa-amb-nosaltres\/","url":"https:\/\/www.parkcastellar.com\/ca\/treballa-amb-nosaltres\/","name":"Treballa amb nosaltres - Cl\u00ednica dental Park Castellar","isPartOf":{"@id":"https:\/\/www.parkcastellar.com\/#website"},"datePublished":"2017-05-04T05:51:37+00:00","dateModified":"2018-04-26T06:51:17+00:00","description":"El equipo, la filosof\u00eda y las instalaciones de la Cl\u00ednica Dental Park Castellar. Con\u00f3cenos un poco m\u00e1s y conoce tus derechos como paciente de nuestro centro","breadcrumb":{"@id":"https:\/\/www.parkcastellar.com\/ca\/treballa-amb-nosaltres\/#breadcrumb"},"inLanguage":"ca","potentialAction":[{"@type":"ReadAction","target":["https:\/\/www.parkcastellar.com\/ca\/treballa-amb-nosaltres\/"]}]},{"@type":"BreadcrumbList","@id":"https:\/\/www.parkcastellar.com\/ca\/treballa-amb-nosaltres\/#breadcrumb","itemListElement":[{"@type":"ListItem","position":1,"name":"Portada","item":"https:\/\/www.parkcastellar.com\/ca\/"},{"@type":"ListItem","position":2,"name":"Treballa amb nosaltres"}]},{"@type":"WebSite","@id":"https:\/\/www.parkcastellar.com\/#website","url":"https:\/\/www.parkcastellar.com\/","name":"Cl\u00ednica dental Park Castellar","description":"Dentista Castellar del Vall\u00e8s","potentialAction":[{"@type":"SearchAction","target":{"@type":"EntryPoint","urlTemplate":"https:\/\/www.parkcastellar.com\/?s={search_term_string}"},"query-input":{"@type":"PropertyValueSpecification","valueRequired":true,"valueName":"search_term_string"}}],"inLanguage":"ca"}]}},"_links":{"self":[{"href":"https:\/\/www.parkcastellar.com\/ca\/wp-json\/wp\/v2\/pages\/6511","targetHints":{"allow":["GET"]}}],"collection":[{"href":"https:\/\/www.parkcastellar.com\/ca\/wp-json\/wp\/v2\/pages"}],"about":[{"href":"https:\/\/www.parkcastellar.com\/ca\/wp-json\/wp\/v2\/types\/page"}],"author":[{"embeddable":true,"href":"https:\/\/www.parkcastellar.com\/ca\/wp-json\/wp\/v2\/users\/3"}],"replies":[{"embeddable":true,"href":"https:\/\/www.parkcastellar.com\/ca\/wp-json\/wp\/v2\/comments?post=6511"}],"version-history":[{"count":3,"href":"https:\/\/www.parkcastellar.com\/ca\/wp-json\/wp\/v2\/pages\/6511\/revisions"}],"predecessor-version":[{"id":6706,"href":"https:\/\/www.parkcastellar.com\/ca\/wp-json\/wp\/v2\/pages\/6511\/revisions\/6706"}],"wp:attachment":[{"href":"https:\/\/www.parkcastellar.com\/ca\/wp-json\/wp\/v2\/media?parent=6511"}],"curies":[{"name":"wp","href":"https:\/\/api.w.org\/{rel}","templated":true}]}}