{"id":6508,"date":"2016-03-08T14:45:55","date_gmt":"2016-03-08T13:45:55","guid":{"rendered":"https:\/\/www.parkcastellar.com\/promociones\/"},"modified":"2018-05-24T10:08:17","modified_gmt":"2018-05-24T08:08:17","slug":"promocions","status":"publish","type":"page","link":"https:\/\/www.parkcastellar.com\/ca\/promocions\/","title":{"rendered":"Promocions"},"content":{"rendered":"<style type=\"text\/css\"> \n#cmsms_row_69f0cfefe3ec9 .cmsms_row_outer_parent { \n\tpadding-top: 0px; \n} \n\n#cmsms_row_69f0cfefe3ec9 .cmsms_row_outer_parent { \n\tpadding-bottom: 50px; \n} \n\n\n@media screen and (max-width: 768px) {\n.pidehorapromo {\nmargin: 40px 0 40px 0;\n}\n#boton_contacta{\npadding-top: 15px !important;\n}\n#text_contacta{\ntext-align: center !important;\n}\n} \n#cmsms_divider_69f0cfefe3fb0 { \n\tborder-bottom-width:0px; \n\tborder-bottom-style:solid; \n\tpadding-top:50px; \n\tmargin-bottom:0px; \n} \n \n#cmsms_heading_69f0cfefe3fc4 { \n\ttext-align:left; \n\tmargin-top:0px; \n\tmargin-bottom:30px; \n} \n\n#cmsms_heading_69f0cfefe3fc4 .cmsms_heading { \n\ttext-align:left; \n} \n\n#cmsms_heading_69f0cfefe3fc4 .cmsms_heading, #cmsms_heading_69f0cfefe3fc4 .cmsms_heading a { \n\tfont-weight:normal; \n\tfont-style:normal; \n} \n\n#cmsms_heading_69f0cfefe3fc4 .cmsms_heading_divider { \n} \n\n \n#cmsms_row_69f0cfefe41f0 { \n\tbackground-color:#fafafa;\n\tbackground-image: url(https:\/\/www.parkcastellar.com\/wp-content\/uploads\/content-dot2.jpg); \n\tbackground-position: bottom left; \n\tbackground-repeat: repeat-x; \n\tbackground-attachment: scroll; \n\tbackground-size: auto; \n} \n\n#cmsms_row_69f0cfefe41f0 .cmsms_row_outer_parent { \n\tpadding-top: 20px; \n} \n\n#cmsms_row_69f0cfefe41f0 .cmsms_row_outer_parent { \n\tpadding-bottom: 40px; \n} \n\n \n#cmsms_heading_69f0cfefe442a { \n\ttext-align:left; \n\tmargin-top:0px; \n\tmargin-bottom:30px; \n} \n\n#cmsms_heading_69f0cfefe442a .cmsms_heading { \n\ttext-align:left; \n} \n\n#cmsms_heading_69f0cfefe442a .cmsms_heading, #cmsms_heading_69f0cfefe442a .cmsms_heading a { \n\tfont-weight:normal; \n\tfont-style:normal; \n} \n\n#cmsms_heading_69f0cfefe442a .cmsms_heading_divider { \n} \n\n \n#cmsms_row_69f0cfefe4582 { \n\tbackground-image: url(https:\/\/www.parkcastellar.com\/wp-content\/uploads\/Cabecera.png); \n\tbackground-position: top center; \n\tbackground-repeat: no-repeat; \n\tbackground-attachment: scroll; \n\tbackground-size: cover; \n} \n\n#cmsms_row_69f0cfefe4582 .cmsms_row_outer_parent { \n\tpadding-top: 0px; \n} \n\n#cmsms_row_69f0cfefe4582 .cmsms_row_outer_parent { \n\tpadding-bottom: 50px; \n} \n\n<\/style><div id=\"cmsms_row_69f0cfefe3ec9\" class=\"cmsms_row cmsms_color_scheme_default\">\n<div class=\"cmsms_row_outer_parent\">\n<div class=\"cmsms_row_outer\">\n<div class=\"cmsms_row_inner\">\n<div class=\"cmsms_row_margin\">\n<div class=\"cmsms_column one_first\">\n<div class=\"custom_css\">\n\n<\/div>\n\n<div id=\"cmsms_divider_69f0cfefe3fb0\" class=\"cl\"><\/div>\n\n<div id=\"cmsms_heading_69f0cfefe3fc4\" class=\"cmsms_heading_wrap cmsms_heading_align_left\">\n\t<h1 class=\"cmsms_heading\">Responsabilitat Social Corporativa<\/h1>\n<\/div><div class=\"cmsms_text\">\n<p><span id=\"result_box\" class=\"\" lang=\"ca\" tabindex=\"-1\">La Cl\u00ednica <span class=\"\">Dental<\/span> <span class=\"\">Park<\/span> Castellar compta amb un programa de responsabilitat social corporativa <span class=\"\">en constant<\/span> desenvolupament i implementaci\u00f3, dirigit a desenvolupar determinades <span class=\"\">pol\u00edtiques<\/span> d&#8217;atenci\u00f3 espec\u00edfica a col\u00b7lectius que considerem d&#8217;especial atenci\u00f3.<\/span><\/p>\n<\/div>\n<div class=\"cmsms_toggles toggles_mode_accordion\">\n<div class=\"cmsms_toggle_wrap current_toggle\" data-tags=\"all \">\n<div class=\"cmsms_toggle_title\">\n<span class=\"cmsms_toggle_plus\">\n<span class=\"cmsms_toggle_plus_hor\"><\/span>\n<span class=\"cmsms_toggle_plus_vert\"><\/span>\n<\/span>\n<a href=\"#\">Campanya especial per a persones majors<\/a>\n<\/div>\n<div class=\"cmsms_toggle\">\n<div class=\"cmsms_toggle_inner\">\n<p><img decoding=\"async\" class=\"wp-image-4406 size-full alignleft\" src=\"http:\/\/www.parkcastellar.com\/wp-content\/uploads\/mayores.png\" alt=\"\" width=\"195\" height=\"194\" srcset=\"https:\/\/www.parkcastellar.com\/wp-content\/uploads\/mayores.png 195w, https:\/\/www.parkcastellar.com\/wp-content\/uploads\/mayores-150x150.png 150w, https:\/\/www.parkcastellar.com\/wp-content\/uploads\/mayores-55x55.png 55w\" sizes=\"(max-width: 195px) 100vw, 195px\" \/><strong>Descompte permanent<\/strong> en tots els nostres tractaments. Treballem per als somriures plens de saviesa.<\/p>\n<p>Consulti en la cl\u00ednica per a m\u00e9s informaci\u00f3.<\/p>\n<\/div>\n<\/div>\n<\/div><div class=\"cmsms_toggle_wrap\" data-tags=\"all \">\n<div class=\"cmsms_toggle_title\">\n<span class=\"cmsms_toggle_plus\">\n<span class=\"cmsms_toggle_plus_hor\"><\/span>\n<span class=\"cmsms_toggle_plus_vert\"><\/span>\n<\/span>\n<a href=\"#\">Campanya especial per a estudiants<\/a>\n<\/div>\n<div class=\"cmsms_toggle\">\n<div class=\"cmsms_toggle_inner\">\n<p><img decoding=\"async\" class=\"alignleft size-full wp-image-4411\" src=\"http:\/\/www.parkcastellar.com\/wp-content\/uploads\/estudiantes.png\" alt=\"estudiantes\" width=\"195\" height=\"194\" srcset=\"https:\/\/www.parkcastellar.com\/wp-content\/uploads\/estudiantes.png 195w, https:\/\/www.parkcastellar.com\/wp-content\/uploads\/estudiantes-150x150.png 150w, https:\/\/www.parkcastellar.com\/wp-content\/uploads\/estudiantes-55x55.png 55w\" sizes=\"(max-width: 195px) 100vw, 195px\" \/><strong>Descompte <\/strong>per a estudiants menors de 18 anys en tots els nostres tractaments.<\/p>\n<p>Consulti en la cl\u00ednica per a m\u00e9s informaci\u00f3.<\/p>\n<\/div>\n<\/div>\n<\/div><div class=\"cmsms_toggle_wrap\" data-tags=\"all \">\n<div class=\"cmsms_toggle_title\">\n<span class=\"cmsms_toggle_plus\">\n<span class=\"cmsms_toggle_plus_hor\"><\/span>\n<span class=\"cmsms_toggle_plus_vert\"><\/span>\n<\/span>\n<a href=\"#\">Campanya de salut dental infantil<\/a>\n<\/div>\n<div class=\"cmsms_toggle\">\n<div class=\"cmsms_toggle_inner\">\n<p><img decoding=\"async\" class=\"alignleft size-full wp-image-4407\" src=\"http:\/\/www.parkcastellar.com\/wp-content\/uploads\/infantil.png\" alt=\"infantil\" width=\"195\" height=\"195\" srcset=\"https:\/\/www.parkcastellar.com\/wp-content\/uploads\/infantil.png 195w, https:\/\/www.parkcastellar.com\/wp-content\/uploads\/infantil-150x150.png 150w, https:\/\/www.parkcastellar.com\/wp-content\/uploads\/infantil-55x55.png 55w\" sizes=\"(max-width: 195px) 100vw, 195px\" \/>Sessions informatives i did\u00e0ctiques en escoles. A trav\u00e9s del Departament d&#8217;Educaci\u00f3 de l&#8217;Ajuntament de Castellar del Vall\u00e8s.<\/p>\n<\/div>\n<\/div>\n<\/div><div class=\"cmsms_toggle_wrap\" data-tags=\"all \">\n<div class=\"cmsms_toggle_title\">\n<span class=\"cmsms_toggle_plus\">\n<span class=\"cmsms_toggle_plus_hor\"><\/span>\n<span class=\"cmsms_toggle_plus_vert\"><\/span>\n<\/span>\n<a href=\"#\">Campanya especial per a persones en atur<\/a>\n<\/div>\n<div class=\"cmsms_toggle\">\n<div class=\"cmsms_toggle_inner\">\n<p><img loading=\"lazy\" decoding=\"async\" class=\"alignleft size-full wp-image-4409\" src=\"http:\/\/www.parkcastellar.com\/wp-content\/uploads\/paro.png\" alt=\"paro\" width=\"195\" height=\"194\" srcset=\"https:\/\/www.parkcastellar.com\/wp-content\/uploads\/paro.png 195w, https:\/\/www.parkcastellar.com\/wp-content\/uploads\/paro-150x150.png 150w, https:\/\/www.parkcastellar.com\/wp-content\/uploads\/paro-55x55.png 55w\" sizes=\"(max-width: 195px) 100vw, 195px\" \/><strong>Preus especials<\/strong> i finan\u00e7ament a mida<\/p>\n<\/div>\n<\/div>\n<\/div><div class=\"cmsms_toggle_wrap\" data-tags=\"all \">\n<div class=\"cmsms_toggle_title\">\n<span class=\"cmsms_toggle_plus\">\n<span class=\"cmsms_toggle_plus_hor\"><\/span>\n<span class=\"cmsms_toggle_plus_vert\"><\/span>\n<\/span>\n<a href=\"#\">Campanya especial per a persones amb discapacitat<\/a>\n<\/div>\n<div class=\"cmsms_toggle\">\n<div class=\"cmsms_toggle_inner\">\n<p><img loading=\"lazy\" decoding=\"async\" class=\"alignleft size-full wp-image-4408\" src=\"http:\/\/www.parkcastellar.com\/wp-content\/uploads\/discapacidad.png\" alt=\"discapacidad\" width=\"195\" height=\"194\" srcset=\"https:\/\/www.parkcastellar.com\/wp-content\/uploads\/discapacidad.png 195w, https:\/\/www.parkcastellar.com\/wp-content\/uploads\/discapacidad-150x150.png 150w, https:\/\/www.parkcastellar.com\/wp-content\/uploads\/discapacidad-55x55.png 55w\" sizes=\"(max-width: 195px) 100vw, 195px\" \/> <strong>Preus especials<\/strong> tot l&#8217;any<\/p>\n<\/div>\n<\/div>\n<\/div><div class=\"cmsms_toggle_wrap\" data-tags=\"all \">\n<div class=\"cmsms_toggle_title\">\n<span class=\"cmsms_toggle_plus\">\n<span class=\"cmsms_toggle_plus_hor\"><\/span>\n<span class=\"cmsms_toggle_plus_vert\"><\/span>\n<\/span>\n<a href=\"#\">Finan\u00e7ament fins a 60 mesos<\/a>\n<\/div>\n<div class=\"cmsms_toggle\">\n<div class=\"cmsms_toggle_inner\">\n<p><img loading=\"lazy\" decoding=\"async\" class=\"alignleft size-full wp-image-4410\" src=\"http:\/\/www.parkcastellar.com\/wp-content\/uploads\/Financiacio_02_.png\" alt=\"financiacion\" width=\"195\" height=\"194\" \/> <strong>Finan\u00e7ament fins a 60 mesos<\/strong> i els primers 24 mesos, sense interessos.<\/p>\n<\/div>\n<\/div>\n<\/div><\/div>\n<\/div>\n<\/div>\n<\/div>\n<\/div>\n<\/div>\n<\/div>\n<div id=\"cmsms_row_69f0cfefe41f0\" class=\"cmsms_row cmsms_color_scheme_default promos\">\n<div class=\"cmsms_row_outer_parent\">\n<div class=\"cmsms_row_outer\">\n<div class=\"cmsms_row_inner\">\n<div class=\"cmsms_row_margin\">\n<div class=\"cmsms_column one_first\">\n<div class=\"custom_html\">\n<div id=\"promociones\"><\/div>\n<\/div>\n\n<div id=\"cmsms_heading_69f0cfefe442a\" class=\"cmsms_heading_wrap cmsms_heading_align_left\">\n\t<h1 class=\"cmsms_heading\">Promocions Especiales<\/h1>\n<\/div><div class=\"cmsms_text\">\n<p><span style=\"font-size: 12pt;\">A Cl\u00ednica Dental Park Castellar podeu descarregar les promocions, nom\u00e9s heu de imprimir-la i gaudir dels descomptes.<\/span><\/p>\n<\/div>\n<div class=\"custom_html\">\n<p><a name=\"filosofia\"><\/a><\/p>\n<\/div>\n<\/div>\n<div class=\"cmsms_column one_half\">\n<div class=\"cmsms_text\">\n<p><a href=\"http:\/\/www.parkcastellar.com\/wp-content\/uploads\/Park_Castellar_Promo_Logopedia.pdf\"><img loading=\"lazy\" decoding=\"async\" class=\"aligncenter wp-image-5671 size-full\" style=\"border-radius: 5px;\" src=\"http:\/\/www.parkcastellar.com\/wp-content\/uploads\/Promocion-Logopedia.png\" alt=\"\" width=\"614\" height=\"247\" srcset=\"https:\/\/www.parkcastellar.com\/wp-content\/uploads\/Promocion-Logopedia.png 614w, https:\/\/www.parkcastellar.com\/wp-content\/uploads\/Promocion-Logopedia-300x121.png 300w, https:\/\/www.parkcastellar.com\/wp-content\/uploads\/Promocion-Logopedia-580x233.png 580w\" sizes=\"(max-width: 614px) 100vw, 614px\" \/><\/a><\/p>\n<\/div>\n<\/div>\n<div class=\"cmsms_column one_half\">\n<div class=\"cmsms_text\">\n<p><a href=\"http:\/\/www.parkcastellar.com\/wp-content\/uploads\/Park_Castellar_Promo_Logopedia.pdf\"><img loading=\"lazy\" decoding=\"async\" class=\"aligncenter wp-image-5671 size-full\" style=\"border-radius: 5px;\" src=\"http:\/\/www.parkcastellar.com\/wp-content\/uploads\/Promocion-Logopedia.png\" alt=\"\" width=\"614\" height=\"247\" srcset=\"https:\/\/www.parkcastellar.com\/wp-content\/uploads\/Promocion-Logopedia.png 614w, https:\/\/www.parkcastellar.com\/wp-content\/uploads\/Promocion-Logopedia-300x121.png 300w, https:\/\/www.parkcastellar.com\/wp-content\/uploads\/Promocion-Logopedia-580x233.png 580w\" sizes=\"(max-width: 614px) 100vw, 614px\" \/><\/a><\/p>\n<\/div>\n<\/div>\n<div class=\"cmsms_column one_half\">\n<div class=\"cmsms_text\">\n<p><a href=\"http:\/\/www.parkcastellar.com\/wp-content\/uploads\/Park_Castellar_Promo_descompte_rejovenimen.pdf\"><img loading=\"lazy\" decoding=\"async\" class=\"aligncenter wp-image-6038 size-full\" style=\"border-radius: 5px;\" src=\"http:\/\/www.parkcastellar.com\/wp-content\/uploads\/Promocion-rejoveniment-web.png\" alt=\"\" width=\"614\" height=\"247\" srcset=\"https:\/\/www.parkcastellar.com\/wp-content\/uploads\/Promocion-rejoveniment-web.png 614w, https:\/\/www.parkcastellar.com\/wp-content\/uploads\/Promocion-rejoveniment-web-300x121.png 300w, https:\/\/www.parkcastellar.com\/wp-content\/uploads\/Promocion-rejoveniment-web-580x233.png 580w\" sizes=\"(max-width: 614px) 100vw, 614px\" \/><\/a><\/p>\n<\/div>\n<\/div>\n<div class=\"cmsms_column one_half\">\n<div class=\"cmsms_text\">\n<p><a href=\"http:\/\/www.parkcastellar.com\/wp-content\/uploads\/Park_Castellar_Promo_Higiene_Infantil.pdf\"><img loading=\"lazy\" decoding=\"async\" class=\"aligncenter wp-image-5992 size-full\" style=\"border-radius: 5px;\" src=\"http:\/\/www.parkcastellar.com\/wp-content\/uploads\/Promocion-Higiene1.png\" alt=\"\" width=\"614\" height=\"247\" srcset=\"https:\/\/www.parkcastellar.com\/wp-content\/uploads\/Promocion-Higiene1.png 614w, https:\/\/www.parkcastellar.com\/wp-content\/uploads\/Promocion-Higiene1-300x121.png 300w, https:\/\/www.parkcastellar.com\/wp-content\/uploads\/Promocion-Higiene1-580x233.png 580w\" sizes=\"(max-width: 614px) 100vw, 614px\" \/><\/a><\/p>\n<\/div>\n<div class=\"custom_html\">\n<div id=\"responsabilidad_social\"><\/div>\n<\/div>\n<\/div>\n<\/div>\n<\/div>\n<\/div>\n<\/div>\n<\/div>\n<div id=\"cmsms_row_69f0cfefe4582\" class=\"cmsms_row cmsms_color_scheme_default\">\n<div class=\"cmsms_row_outer_parent\">\n<div class=\"cmsms_row_outer\">\n<div class=\"cmsms_row_inner\">\n<div class=\"cmsms_row_margin\">\n<div class=\"cmsms_column three_fourth\">\n<div class=\"cmsms_text\">\n<p id=\"text_contacta\" style=\"font-size: 18pt; color: #ffffff; padding: 50px 0 0 0; line-height: 30px;\">Si tens algun dubte sobre les nostres especialitats o promocions, consulta&#8217;ns sense comprom\u00eds.<\/p>\n<\/div>\n<\/div>\n<div class=\"cmsms_column one_fourth\">\n<div class=\"cmsms_text\">\n<p id=\"boton_contacta\" style=\"padding: 65px 0px 0px; text-align: center;\"><a id=\"\" class=\"button\" href=\"http:\/\/www.parkcastellar.com\/ca\/contacta\/\">CONTACTAR<\/a><\/p>\n<\/div>\n<\/div>\n<\/div>\n<\/div>\n<\/div>\n<\/div>\n<\/div>\n\n","protected":false},"excerpt":{"rendered":"","protected":false},"author":3,"featured_media":0,"parent":0,"menu_order":0,"comment_status":"closed","ping_status":"closed","template":"","meta":{"footnotes":""},"class_list":["post-6508","page","type-page","status-publish","hentry"],"yoast_head":"<!-- This site is optimized with the Yoast SEO plugin v26.0 - https:\/\/yoast.com\/wordpress\/plugins\/seo\/ -->\n<title>Promocions - Cl\u00ednica dental Park Castellar<\/title>\n<meta name=\"description\" content=\"Conoce las promociones que tenemos en base a nuestra responsabilidad social corporativa dirigidas a colectivos que consideramos de especial atenci\u00f3n.\" \/>\n<meta name=\"robots\" content=\"index, follow, max-snippet:-1, max-image-preview:large, max-video-preview:-1\" \/>\n<link rel=\"canonical\" href=\"https:\/\/www.parkcastellar.com\/ca\/promocions\/\" \/>\n<meta property=\"og:locale\" content=\"ca_ES\" \/>\n<meta property=\"og:type\" content=\"article\" \/>\n<meta property=\"og:title\" content=\"Promocions - Cl\u00ednica dental Park Castellar\" \/>\n<meta property=\"og:description\" content=\"Conoce las promociones que tenemos en base a nuestra responsabilidad social corporativa dirigidas a colectivos que consideramos de especial atenci\u00f3n.\" \/>\n<meta property=\"og:url\" content=\"https:\/\/www.parkcastellar.com\/ca\/promocions\/\" \/>\n<meta property=\"og:site_name\" content=\"Cl\u00ednica dental Park Castellar\" \/>\n<meta property=\"article:modified_time\" content=\"2018-05-24T08:08:17+00:00\" \/>\n<meta property=\"og:image\" content=\"http:\/\/www.parkcastellar.com\/wp-content\/uploads\/mayores.png\" \/>\n<meta name=\"twitter:card\" content=\"summary_large_image\" \/>\n<meta name=\"twitter:label1\" content=\"Temps estimat de lectura\" \/>\n\t<meta name=\"twitter:data1\" content=\"3 minuts\" \/>\n<script type=\"application\/ld+json\" class=\"yoast-schema-graph\">{\"@context\":\"https:\/\/schema.org\",\"@graph\":[{\"@type\":\"WebPage\",\"@id\":\"https:\/\/www.parkcastellar.com\/ca\/promocions\/\",\"url\":\"https:\/\/www.parkcastellar.com\/ca\/promocions\/\",\"name\":\"Promocions - Cl\u00ednica dental Park Castellar\",\"isPartOf\":{\"@id\":\"https:\/\/www.parkcastellar.com\/#website\"},\"primaryImageOfPage\":{\"@id\":\"https:\/\/www.parkcastellar.com\/ca\/promocions\/#primaryimage\"},\"image\":{\"@id\":\"https:\/\/www.parkcastellar.com\/ca\/promocions\/#primaryimage\"},\"thumbnailUrl\":\"http:\/\/www.parkcastellar.com\/wp-content\/uploads\/mayores.png\",\"datePublished\":\"2016-03-08T13:45:55+00:00\",\"dateModified\":\"2018-05-24T08:08:17+00:00\",\"description\":\"Conoce las promociones que tenemos en base a nuestra responsabilidad social corporativa dirigidas a colectivos que consideramos de especial atenci\u00f3n.\",\"breadcrumb\":{\"@id\":\"https:\/\/www.parkcastellar.com\/ca\/promocions\/#breadcrumb\"},\"inLanguage\":\"ca\",\"potentialAction\":[{\"@type\":\"ReadAction\",\"target\":[\"https:\/\/www.parkcastellar.com\/ca\/promocions\/\"]}]},{\"@type\":\"ImageObject\",\"inLanguage\":\"ca\",\"@id\":\"https:\/\/www.parkcastellar.com\/ca\/promocions\/#primaryimage\",\"url\":\"http:\/\/www.parkcastellar.com\/wp-content\/uploads\/mayores.png\",\"contentUrl\":\"http:\/\/www.parkcastellar.com\/wp-content\/uploads\/mayores.png\"},{\"@type\":\"BreadcrumbList\",\"@id\":\"https:\/\/www.parkcastellar.com\/ca\/promocions\/#breadcrumb\",\"itemListElement\":[{\"@type\":\"ListItem\",\"position\":1,\"name\":\"Portada\",\"item\":\"https:\/\/www.parkcastellar.com\/ca\/\"},{\"@type\":\"ListItem\",\"position\":2,\"name\":\"Promocions\"}]},{\"@type\":\"WebSite\",\"@id\":\"https:\/\/www.parkcastellar.com\/#website\",\"url\":\"https:\/\/www.parkcastellar.com\/\",\"name\":\"Cl\u00ednica dental Park Castellar\",\"description\":\"Dentista Castellar del Vall\u00e8s\",\"potentialAction\":[{\"@type\":\"SearchAction\",\"target\":{\"@type\":\"EntryPoint\",\"urlTemplate\":\"https:\/\/www.parkcastellar.com\/?s={search_term_string}\"},\"query-input\":{\"@type\":\"PropertyValueSpecification\",\"valueRequired\":true,\"valueName\":\"search_term_string\"}}],\"inLanguage\":\"ca\"}]}<\/script>\n<!-- \/ Yoast SEO plugin. -->","yoast_head_json":{"title":"Promocions - Cl\u00ednica dental Park Castellar","description":"Conoce las promociones que tenemos en base a nuestra responsabilidad social corporativa dirigidas a colectivos que consideramos de especial atenci\u00f3n.","robots":{"index":"index","follow":"follow","max-snippet":"max-snippet:-1","max-image-preview":"max-image-preview:large","max-video-preview":"max-video-preview:-1"},"canonical":"https:\/\/www.parkcastellar.com\/ca\/promocions\/","og_locale":"ca_ES","og_type":"article","og_title":"Promocions - Cl\u00ednica dental Park Castellar","og_description":"Conoce las promociones que tenemos en base a nuestra responsabilidad social corporativa dirigidas a colectivos que consideramos de especial atenci\u00f3n.","og_url":"https:\/\/www.parkcastellar.com\/ca\/promocions\/","og_site_name":"Cl\u00ednica dental Park Castellar","article_modified_time":"2018-05-24T08:08:17+00:00","og_image":[{"url":"http:\/\/www.parkcastellar.com\/wp-content\/uploads\/mayores.png","type":"","width":"","height":""}],"twitter_card":"summary_large_image","twitter_misc":{"Temps estimat de lectura":"3 minuts"},"schema":{"@context":"https:\/\/schema.org","@graph":[{"@type":"WebPage","@id":"https:\/\/www.parkcastellar.com\/ca\/promocions\/","url":"https:\/\/www.parkcastellar.com\/ca\/promocions\/","name":"Promocions - Cl\u00ednica dental Park Castellar","isPartOf":{"@id":"https:\/\/www.parkcastellar.com\/#website"},"primaryImageOfPage":{"@id":"https:\/\/www.parkcastellar.com\/ca\/promocions\/#primaryimage"},"image":{"@id":"https:\/\/www.parkcastellar.com\/ca\/promocions\/#primaryimage"},"thumbnailUrl":"http:\/\/www.parkcastellar.com\/wp-content\/uploads\/mayores.png","datePublished":"2016-03-08T13:45:55+00:00","dateModified":"2018-05-24T08:08:17+00:00","description":"Conoce las promociones que tenemos en base a nuestra responsabilidad social corporativa dirigidas a colectivos que consideramos de especial atenci\u00f3n.","breadcrumb":{"@id":"https:\/\/www.parkcastellar.com\/ca\/promocions\/#breadcrumb"},"inLanguage":"ca","potentialAction":[{"@type":"ReadAction","target":["https:\/\/www.parkcastellar.com\/ca\/promocions\/"]}]},{"@type":"ImageObject","inLanguage":"ca","@id":"https:\/\/www.parkcastellar.com\/ca\/promocions\/#primaryimage","url":"http:\/\/www.parkcastellar.com\/wp-content\/uploads\/mayores.png","contentUrl":"http:\/\/www.parkcastellar.com\/wp-content\/uploads\/mayores.png"},{"@type":"BreadcrumbList","@id":"https:\/\/www.parkcastellar.com\/ca\/promocions\/#breadcrumb","itemListElement":[{"@type":"ListItem","position":1,"name":"Portada","item":"https:\/\/www.parkcastellar.com\/ca\/"},{"@type":"ListItem","position":2,"name":"Promocions"}]},{"@type":"WebSite","@id":"https:\/\/www.parkcastellar.com\/#website","url":"https:\/\/www.parkcastellar.com\/","name":"Cl\u00ednica dental Park Castellar","description":"Dentista Castellar del Vall\u00e8s","potentialAction":[{"@type":"SearchAction","target":{"@type":"EntryPoint","urlTemplate":"https:\/\/www.parkcastellar.com\/?s={search_term_string}"},"query-input":{"@type":"PropertyValueSpecification","valueRequired":true,"valueName":"search_term_string"}}],"inLanguage":"ca"}]}},"_links":{"self":[{"href":"https:\/\/www.parkcastellar.com\/ca\/wp-json\/wp\/v2\/pages\/6508","targetHints":{"allow":["GET"]}}],"collection":[{"href":"https:\/\/www.parkcastellar.com\/ca\/wp-json\/wp\/v2\/pages"}],"about":[{"href":"https:\/\/www.parkcastellar.com\/ca\/wp-json\/wp\/v2\/types\/page"}],"author":[{"embeddable":true,"href":"https:\/\/www.parkcastellar.com\/ca\/wp-json\/wp\/v2\/users\/3"}],"replies":[{"embeddable":true,"href":"https:\/\/www.parkcastellar.com\/ca\/wp-json\/wp\/v2\/comments?post=6508"}],"version-history":[{"count":7,"href":"https:\/\/www.parkcastellar.com\/ca\/wp-json\/wp\/v2\/pages\/6508\/revisions"}],"predecessor-version":[{"id":6766,"href":"https:\/\/www.parkcastellar.com\/ca\/wp-json\/wp\/v2\/pages\/6508\/revisions\/6766"}],"wp:attachment":[{"href":"https:\/\/www.parkcastellar.com\/ca\/wp-json\/wp\/v2\/media?parent=6508"}],"curies":[{"name":"wp","href":"https:\/\/api.w.org\/{rel}","templated":true}]}}