{"id":6498,"date":"2015-07-23T14:27:58","date_gmt":"2015-07-23T12:27:58","guid":{"rendered":"https:\/\/www.parkcastellar.com\/contacta\/"},"modified":"2018-11-14T13:38:08","modified_gmt":"2018-11-14T12:38:08","slug":"contacta","status":"publish","type":"page","link":"https:\/\/www.parkcastellar.com\/ca\/contacta\/","title":{"rendered":"Contacta"},"content":{"rendered":"<style type=\"text\/css\"> \n#cmsms_row_6a05a7a3cee7d .cmsms_row_outer_parent { \n\tpadding-top: 60px; \n} \n\n#cmsms_row_6a05a7a3cee7d .cmsms_row_outer_parent { \n\tpadding-bottom: 70px; \n} \n\n \n#cmsms_heading_6a05a7a3cef0b { \n\ttext-align:left; \n\tmargin-top:0px; \n\tmargin-bottom:30px; \n} \n\n#cmsms_heading_6a05a7a3cef0b .cmsms_heading { \n\ttext-align:left; \n} \n\n#cmsms_heading_6a05a7a3cef0b .cmsms_heading, #cmsms_heading_6a05a7a3cef0b .cmsms_heading a { \n\tfont-weight:normal; \n\tfont-style:normal; \n} \n\n#cmsms_heading_6a05a7a3cef0b .cmsms_heading_divider { \n} \n\n \n#cmsms_divider_6a05a7a3cfa35 { \n\tborder-bottom-width:0px; \n\tborder-bottom-style:solid; \n\tpadding-top:20px; \n\tmargin-bottom:20px; \n} \n #cmsms_icon_list_items_6a05a7a3cfa49 { \n\tpadding-left:38px; \n} \n\n#cmsms_icon_list_items_6a05a7a3cfa49 .cmsms_icon_list_item:before { \n\tfont-size:18px; \n\tleft:-38px; \n} \n\n.cmsms_icon_list_items #cmsms_icon_list_item_6a05a7a3cfa98:before { \n\tcolor:#37d6c0;\n} \n\n.cmsms_icon_list_items #cmsms_icon_list_item_6a05a7a3cfab0:before { \n\tcolor:#37d6c0;\n} \n\n.cmsms_icon_list_items #cmsms_icon_list_item_6a05a7a3cfac1:before { \n\tcolor:#37d6c0;\n} \n<\/style><div id=\"cmsms_row_6a05a7a3ced32\" class=\"cmsms_row cmsms_color_scheme_default\">\n<div class=\"cmsms_row_outer_parent\">\n<div class=\"cmsms_row_outer\">\n<div class=\"cmsms_row_inner\">\n<div class=\"cmsms_row_margin\">\n<div class=\"cmsms_column one_first\">\n<div class=\"cmsms_text\">\n<p>&nbsp;<\/p>\n<\/div>\n<\/div>\n<\/div>\n<\/div>\n<\/div>\n<\/div>\n<\/div>\n<div id=\"cmsms_row_6a05a7a3cee7d\" class=\"cmsms_row cmsms_color_scheme_default\">\n<div class=\"cmsms_row_outer_parent\">\n<div class=\"cmsms_row_outer\">\n<div class=\"cmsms_row_inner\">\n<div class=\"cmsms_row_margin\">\n<div class=\"cmsms_column one_half\">\n\n<div id=\"cmsms_heading_6a05a7a3cef0b\" class=\"cmsms_heading_wrap cmsms_heading_align_left\">\n\t<h1 class=\"cmsms_heading\">Contacta amb nosaltres<\/h1>\n<\/div>\n<div class=\"cmsms_contact_form\"><div class=\"cmsms-form-builder\">\n<div class=\"cmsms_notice cmsms_notice_success cmsms_theme_icon_check success_box\" style=\"display:none;\">\n<div class=\"notice_icon\"><\/div>\n<div class=\"notice_content\">\n<p>Gracies! <br \/>El teu missatge s'ha enviat.<\/p>\n<\/div>\n<\/div>\n<script type=\"text\/javascript\"> \njQuery(document).ready(function () { \n\tjQuery('#form_6440').validationEngine('attach', { \n\t\tpromptPosition : 'topRight', \n\t\tscroll : false, \n\t\tautoPositionUpdate : true, \n\t\tshowArrow : false \n\t\t} ); \n\tjQuery('#form_6440 a#cmsms_6440_formsend').click(function () { \n\t\tjQuery('#form_6440 .loading').animate( { opacity : 1 } , 250); \n\t\tif (jQuery('#form_6440').validationEngine('validate')) { \n\t\t\tjQuery.post('https:\/\/www.parkcastellar.com\/wp-content\/plugins\/cmsms-contact-form-builder\/inc\/form-builder-sendmail.php', { \n\t\t\t\tcmsms_nom : jQuery('#cmsms_nom').val(), \n\t\t\t\tcmsms_e_mail_2 : jQuery('#cmsms_e_mail_2').val(), \n\t\t\t\tcmsms_telfon : jQuery('#cmsms_telfon').val(), \n\t\t\t\tcmsms_assumpte : jQuery('#cmsms_assumpte').val(), \n\t\t\t\tcmsms_missatge : jQuery('#cmsms_missatge').val(), \n\t\t\t\tcontactemail : 'NjQ0MHxjbGluaWNhZGVudGFsQHBhcmtjYXN0ZWxsYXIuY29tfDY0NDA=', \n\t\t\t\tformname : '6440' \r\t\t\t}, function (data) { \n\t\t\t\tjQuery('#form_6440 .loading').animate( { opacity : 0 } , 250); \n\t\t\t\tjQuery('#form_6440').fadeOut('slow'); \n\t\t\t\tdocument.getElementById('form_6440').reset(); \n\t\t\t\tjQuery('#form_6440').parent().find('.box').hide(); \n\t\t\t\tjQuery('#form_6440').parent().find('.success_box').fadeIn('fast'); \n\t\t\t\tjQuery('html, body').animate( { scrollTop : jQuery('#form_6440').offset().top - 140 } , 'slow'); \n\t\t\t\tjQuery('#form_6440').parent().find('.success_box').delay(5000).fadeOut(1000, function () { \n\t\t\t\t\tjQuery('#form_6440').fadeIn('slow'); \r\t\t\t\t} ); \r\t\t\t} ); \n\t\t\treturn false; \r\t\t} else { \n\t\t\tjQuery('#form_6440 .loading').animate( { opacity : 0 } , 250); \n\t\t\treturn false; \r\t\t} \r\t} ); \r} ); \n<\/script>\n<form action=\"#\" method=\"post\" id=\"form_6440\">\n\n<div class=\"form_info cmsms_input one_half\">\n\t<label for=\"cmsms_nom\">Nom <span class=\"color_2\">*<\/span><\/label>\n\t<div class=\"form_field_wrap\">\n\t\t<input type=\"text\" name=\"cmsms_nom\" id=\"cmsms_nom\" value=\"\" size=\"35\" class=\"validate[required]\" \/>\r\t<\/div>\n<\/div>\n<div class=\"form_info cmsms_input one_half\">\n\t<label for=\"cmsms_e_mail_2\">E-mail <span class=\"color_2\">*<\/span><\/label>\n\t<div class=\"form_field_wrap\">\n\t\t<input type=\"text\" name=\"cmsms_e_mail_2\" id=\"cmsms_e_mail_2\" value=\"\" size=\"35\" class=\"validate[required]\" \/>\r\t<\/div>\n<\/div>\n<div class=\"form_info cmsms_input one_half\">\n\t<label for=\"cmsms_telfon\">Tel\u00e8fon <span class=\"color_2\">*<\/span><\/label>\n\t<div class=\"form_field_wrap\">\n\t\t<input type=\"text\" name=\"cmsms_telfon\" id=\"cmsms_telfon\" value=\"\" size=\"35\" class=\"validate[required]\" \/>\r\t<\/div>\n<\/div>\n<div class=\"form_info cmsms_input one_half\">\n\t<label for=\"cmsms_assumpte\">Assumpte<\/label>\n\t<div class=\"form_field_wrap\">\n\t\t<input type=\"text\" name=\"cmsms_assumpte\" id=\"cmsms_assumpte\" value=\"\" size=\"35\" \/>\r\t<\/div>\n<\/div>\n<div class=\"form_info cmsms_textarea\">\n\t<label for=\"cmsms_missatge\">Missatge <span class=\"color_2\">*<\/span><\/label>\n\t<div class=\"form_field_wrap\">\n\t\t<textarea name=\"cmsms_missatge\" id=\"cmsms_missatge\" cols=\"60\" rows=\"10\" class=\"validate[required]\"><\/textarea>\r\t<\/div>\n<\/div>\n<div class=\"cl\"><\/div>\n<div class=\"loading\"><\/div>\n<div class=\"form_info submit_wrap\">\n<a id=\"cmsms_6440_formsend\" class=\"cmsms_button\" href=\"#\"><span>Enviar missatge<\/span><\/a>\n<\/div>\n<div class=\"cl\"><\/div>\n<\/form>\n<\/div><\/div>\n<\/div>\n<div class=\"cmsms_column one_half\">\n<div class=\"aligncenter\">\n<div class=\"cmsms_img  cmsms_image_c\">\n<img decoding=\"async\" src=\"https:\/\/www.parkcastellar.com\/wp-content\/uploads\/contacto.jpg\" alt=\"\" \/>\n<\/div>\n<\/div>\n<div class=\"cmsms_text\">\n<iframe style=\"border: 0;\" src=\"https:\/\/www.google.com\/maps\/embed?pb=!1m18!1m12!1m3!1d2983.095501700739!2d2.0832442516627894!3d41.61044647914256!2m3!1f0!2f0!3f0!3m2!1i1024!2i768!4f13.1!3m3!1m2!1s0x12a4eb6cc617a9fb%3A0xe2b412126f0b0519!2sClinica+Dental+Park+Castellar+SLP!5e0!3m2!1ses!2ses!4v1542198846131\" width=\"555\" height=\"312\" frameborder=\"0\" allowfullscreen=\"allowfullscreen\"><\/iframe>\n<\/div>\n\n<div id=\"cmsms_divider_6a05a7a3cfa35\" class=\"cl\"><\/div>\n \n<ul id=\"cmsms_icon_list_items_6a05a7a3cfa49\" class=\"cmsms_icon_list_items cmsms_icon_list_type_list cmsms_icon_list_pos_left cmsms_color_type_border\"><li id=\"cmsms_icon_list_item_6a05a7a3cfa98\" class=\"cmsms_icon_list_item cmsms-icon-direction-3\">Portugal 1, Local 1-2 \u00b7 08211 Castellar del Vall\u00e8s<\/li><li id=\"cmsms_icon_list_item_6a05a7a3cfab0\" class=\"cmsms_icon_list_item cmsms-icon-phone-4\">+34 937 14 21 95<\/li><li id=\"cmsms_icon_list_item_6a05a7a3cfac1\" class=\"cmsms_icon_list_item cmsms-icon-envelope-letter\">clinicadental@parkcastellar.com<\/li><\/ul>\n<\/div>\n<\/div>\n<\/div>\n<\/div>\n<\/div>\n<\/div>\n<div id=\"cmsms_row_6a05a7a3cfadd\" class=\"cmsms_row cmsms_color_scheme_default\">\n<div class=\"cmsms_row_outer_parent\">\n<div class=\"cmsms_row_outer\">\n<div class=\"cmsms_row_inner\">\n<div class=\"cmsms_row_margin\">\n<div class=\"cmsms_column one_first\">\n<div class=\"cmsms_text\">\n<p>&nbsp;<\/p>\n<\/div>\n<\/div>\n<\/div>\n<\/div>\n<\/div>\n<\/div>\n<\/div>\n\n","protected":false},"excerpt":{"rendered":"","protected":false},"author":3,"featured_media":0,"parent":0,"menu_order":0,"comment_status":"closed","ping_status":"closed","template":"","meta":{"footnotes":""},"class_list":["post-6498","page","type-page","status-publish","hentry"],"yoast_head":"<!-- This site is optimized with the Yoast SEO plugin v26.0 - https:\/\/yoast.com\/wordpress\/plugins\/seo\/ -->\n<title>Contacta - Cl\u00ednica dental Park Castellar<\/title>\n<meta name=\"description\" content=\"Contacta con el equipo m\u00e9dico y odontol\u00f3gico de Cl\u00ednica Dental Park Castellar.\" \/>\n<meta name=\"robots\" content=\"index, follow, max-snippet:-1, max-image-preview:large, max-video-preview:-1\" \/>\n<link rel=\"canonical\" href=\"https:\/\/www.parkcastellar.com\/ca\/contacta\/\" \/>\n<meta property=\"og:locale\" content=\"ca_ES\" \/>\n<meta property=\"og:type\" content=\"article\" \/>\n<meta property=\"og:title\" content=\"Contacta - Cl\u00ednica dental Park Castellar\" \/>\n<meta property=\"og:description\" content=\"Contacta con el equipo m\u00e9dico y odontol\u00f3gico de Cl\u00ednica Dental Park Castellar.\" \/>\n<meta property=\"og:url\" content=\"https:\/\/www.parkcastellar.com\/ca\/contacta\/\" \/>\n<meta property=\"og:site_name\" content=\"Cl\u00ednica dental Park Castellar\" \/>\n<meta property=\"article:modified_time\" content=\"2018-11-14T12:38:08+00:00\" \/>\n<meta name=\"twitter:card\" content=\"summary_large_image\" \/>\n<meta name=\"twitter:label1\" content=\"Temps estimat de lectura\" \/>\n\t<meta name=\"twitter:data1\" content=\"1 minut\" \/>\n<script type=\"application\/ld+json\" class=\"yoast-schema-graph\">{\"@context\":\"https:\/\/schema.org\",\"@graph\":[{\"@type\":\"WebPage\",\"@id\":\"https:\/\/www.parkcastellar.com\/ca\/contacta\/\",\"url\":\"https:\/\/www.parkcastellar.com\/ca\/contacta\/\",\"name\":\"Contacta - Cl\u00ednica dental Park Castellar\",\"isPartOf\":{\"@id\":\"https:\/\/www.parkcastellar.com\/#website\"},\"datePublished\":\"2015-07-23T12:27:58+00:00\",\"dateModified\":\"2018-11-14T12:38:08+00:00\",\"description\":\"Contacta con el equipo m\u00e9dico y odontol\u00f3gico de Cl\u00ednica Dental Park Castellar.\",\"breadcrumb\":{\"@id\":\"https:\/\/www.parkcastellar.com\/ca\/contacta\/#breadcrumb\"},\"inLanguage\":\"ca\",\"potentialAction\":[{\"@type\":\"ReadAction\",\"target\":[\"https:\/\/www.parkcastellar.com\/ca\/contacta\/\"]}]},{\"@type\":\"BreadcrumbList\",\"@id\":\"https:\/\/www.parkcastellar.com\/ca\/contacta\/#breadcrumb\",\"itemListElement\":[{\"@type\":\"ListItem\",\"position\":1,\"name\":\"Portada\",\"item\":\"https:\/\/www.parkcastellar.com\/ca\/\"},{\"@type\":\"ListItem\",\"position\":2,\"name\":\"Contacta\"}]},{\"@type\":\"WebSite\",\"@id\":\"https:\/\/www.parkcastellar.com\/#website\",\"url\":\"https:\/\/www.parkcastellar.com\/\",\"name\":\"Cl\u00ednica dental Park Castellar\",\"description\":\"Dentista Castellar del Vall\u00e8s\",\"potentialAction\":[{\"@type\":\"SearchAction\",\"target\":{\"@type\":\"EntryPoint\",\"urlTemplate\":\"https:\/\/www.parkcastellar.com\/?s={search_term_string}\"},\"query-input\":{\"@type\":\"PropertyValueSpecification\",\"valueRequired\":true,\"valueName\":\"search_term_string\"}}],\"inLanguage\":\"ca\"}]}<\/script>\n<!-- \/ Yoast SEO plugin. -->","yoast_head_json":{"title":"Contacta - Cl\u00ednica dental Park Castellar","description":"Contacta con el equipo m\u00e9dico y odontol\u00f3gico de Cl\u00ednica Dental Park Castellar.","robots":{"index":"index","follow":"follow","max-snippet":"max-snippet:-1","max-image-preview":"max-image-preview:large","max-video-preview":"max-video-preview:-1"},"canonical":"https:\/\/www.parkcastellar.com\/ca\/contacta\/","og_locale":"ca_ES","og_type":"article","og_title":"Contacta - Cl\u00ednica dental Park Castellar","og_description":"Contacta con el equipo m\u00e9dico y odontol\u00f3gico de Cl\u00ednica Dental Park Castellar.","og_url":"https:\/\/www.parkcastellar.com\/ca\/contacta\/","og_site_name":"Cl\u00ednica dental Park Castellar","article_modified_time":"2018-11-14T12:38:08+00:00","twitter_card":"summary_large_image","twitter_misc":{"Temps estimat de lectura":"1 minut"},"schema":{"@context":"https:\/\/schema.org","@graph":[{"@type":"WebPage","@id":"https:\/\/www.parkcastellar.com\/ca\/contacta\/","url":"https:\/\/www.parkcastellar.com\/ca\/contacta\/","name":"Contacta - Cl\u00ednica dental Park Castellar","isPartOf":{"@id":"https:\/\/www.parkcastellar.com\/#website"},"datePublished":"2015-07-23T12:27:58+00:00","dateModified":"2018-11-14T12:38:08+00:00","description":"Contacta con el equipo m\u00e9dico y odontol\u00f3gico de Cl\u00ednica Dental Park Castellar.","breadcrumb":{"@id":"https:\/\/www.parkcastellar.com\/ca\/contacta\/#breadcrumb"},"inLanguage":"ca","potentialAction":[{"@type":"ReadAction","target":["https:\/\/www.parkcastellar.com\/ca\/contacta\/"]}]},{"@type":"BreadcrumbList","@id":"https:\/\/www.parkcastellar.com\/ca\/contacta\/#breadcrumb","itemListElement":[{"@type":"ListItem","position":1,"name":"Portada","item":"https:\/\/www.parkcastellar.com\/ca\/"},{"@type":"ListItem","position":2,"name":"Contacta"}]},{"@type":"WebSite","@id":"https:\/\/www.parkcastellar.com\/#website","url":"https:\/\/www.parkcastellar.com\/","name":"Cl\u00ednica dental Park Castellar","description":"Dentista Castellar del Vall\u00e8s","potentialAction":[{"@type":"SearchAction","target":{"@type":"EntryPoint","urlTemplate":"https:\/\/www.parkcastellar.com\/?s={search_term_string}"},"query-input":{"@type":"PropertyValueSpecification","valueRequired":true,"valueName":"search_term_string"}}],"inLanguage":"ca"}]}},"_links":{"self":[{"href":"https:\/\/www.parkcastellar.com\/ca\/wp-json\/wp\/v2\/pages\/6498","targetHints":{"allow":["GET"]}}],"collection":[{"href":"https:\/\/www.parkcastellar.com\/ca\/wp-json\/wp\/v2\/pages"}],"about":[{"href":"https:\/\/www.parkcastellar.com\/ca\/wp-json\/wp\/v2\/types\/page"}],"author":[{"embeddable":true,"href":"https:\/\/www.parkcastellar.com\/ca\/wp-json\/wp\/v2\/users\/3"}],"replies":[{"embeddable":true,"href":"https:\/\/www.parkcastellar.com\/ca\/wp-json\/wp\/v2\/comments?post=6498"}],"version-history":[{"count":7,"href":"https:\/\/www.parkcastellar.com\/ca\/wp-json\/wp\/v2\/pages\/6498\/revisions"}],"predecessor-version":[{"id":6789,"href":"https:\/\/www.parkcastellar.com\/ca\/wp-json\/wp\/v2\/pages\/6498\/revisions\/6789"}],"wp:attachment":[{"href":"https:\/\/www.parkcastellar.com\/ca\/wp-json\/wp\/v2\/media?parent=6498"}],"curies":[{"name":"wp","href":"https:\/\/api.w.org\/{rel}","templated":true}]}}